{"id":182,"date":"2020-04-16T11:04:49","date_gmt":"2020-04-16T09:04:49","guid":{"rendered":"http:\/\/dachlastwaage.com\/?page_id=182"},"modified":"2020-05-18T15:50:57","modified_gmt":"2020-05-18T13:50:57","slug":"ueber-uns","status":"publish","type":"page","link":"https:\/\/dachlastwaage.com\/en\/ueber-uns\/","title":{"rendered":"About Us"},"content":{"rendered":"<div data-elementor-type=\"wp-page\" data-elementor-id=\"182\" class=\"elementor elementor-182\">\n\t\t\t\t\t\t<section class=\"elementor-section elementor-top-section elementor-element elementor-element-8a8bc5b elementor-section-boxed elementor-section-height-default elementor-section-height-default\" data-id=\"8a8bc5b\" data-element_type=\"section\">\n\t\t\t\t\t\t<div class=\"elementor-container elementor-column-gap-default\">\n\t\t\t\t\t<div class=\"elementor-column elementor-col-100 elementor-top-column elementor-element elementor-element-0bf00df\" data-id=\"0bf00df\" data-element_type=\"column\">\n\t\t\t<div class=\"elementor-widget-wrap elementor-element-populated\">\n\t\t\t\t\t\t<div class=\"elementor-element elementor-element-ed6dcc8 elementor-widget elementor-widget-heading\" data-id=\"ed6dcc8\" data-element_type=\"widget\" data-widget_type=\"heading.default\">\n\t\t\t\t<div class=\"elementor-widget-container\">\n\t\t\t\t\t<h2 class=\"elementor-heading-title elementor-size-default\">About Us<\/h2>\t\t\t\t<\/div>\n\t\t\t\t<\/div>\n\t\t\t\t\t<\/div>\n\t\t<\/div>\n\t\t\t\t\t<\/div>\n\t\t<\/section>\n\t\t\t\t<section class=\"elementor-section elementor-top-section elementor-element elementor-element-84924c8 elementor-section-boxed elementor-section-height-default elementor-section-height-default\" data-id=\"84924c8\" data-element_type=\"section\">\n\t\t\t\t\t\t<div class=\"elementor-container elementor-column-gap-default\">\n\t\t\t\t\t<div class=\"elementor-column elementor-col-33 elementor-top-column elementor-element elementor-element-a77c99a\" data-id=\"a77c99a\" data-element_type=\"column\">\n\t\t\t<div class=\"elementor-widget-wrap elementor-element-populated\">\n\t\t\t\t\t\t<div class=\"elementor-element elementor-element-0e0d617 elementor-widget elementor-widget-image\" data-id=\"0e0d617\" data-element_type=\"widget\" data-widget_type=\"image.default\">\n\t\t\t\t<div class=\"elementor-widget-container\">\n\t\t\t\t\t\t\t\t\t\t\t\t\t\t\t<img fetchpriority=\"high\" decoding=\"async\" width=\"1024\" height=\"683\" src=\"https:\/\/dachlastwaage.com\/wp-content\/uploads\/2020\/05\/AdobeStock_290509584-1024x683.jpeg\" class=\"attachment-large size-large wp-image-266\" alt=\"\" srcset=\"https:\/\/dachlastwaage.com\/wp-content\/uploads\/2020\/05\/AdobeStock_290509584-1024x683.jpeg 1024w, https:\/\/dachlastwaage.com\/wp-content\/uploads\/2020\/05\/AdobeStock_290509584-300x200.jpeg 300w, https:\/\/dachlastwaage.com\/wp-content\/uploads\/2020\/05\/AdobeStock_290509584-768x513.jpeg 768w, https:\/\/dachlastwaage.com\/wp-content\/uploads\/2020\/05\/AdobeStock_290509584-1536x1025.jpeg 1536w, https:\/\/dachlastwaage.com\/wp-content\/uploads\/2020\/05\/AdobeStock_290509584-2048x1367.jpeg 2048w\" sizes=\"(max-width: 1024px) 100vw, 1024px\" \/>\t\t\t\t\t\t\t\t\t\t\t\t\t\t\t<\/div>\n\t\t\t\t<\/div>\n\t\t\t\t\t<\/div>\n\t\t<\/div>\n\t\t\t\t<div class=\"elementor-column elementor-col-66 elementor-top-column elementor-element elementor-element-00d2704\" data-id=\"00d2704\" data-element_type=\"column\">\n\t\t\t<div class=\"elementor-widget-wrap elementor-element-populated\">\n\t\t\t\t\t\t<div class=\"elementor-element elementor-element-1f01859 elementor-widget elementor-widget-heading\" data-id=\"1f01859\" data-element_type=\"widget\" data-widget_type=\"heading.default\">\n\t\t\t\t<div class=\"elementor-widget-container\">\n\t\t\t\t\t<h2 class=\"elementor-heading-title elementor-size-default\">BDS SOLUTIONS - MORE AS SENSORS AND SOFTWARE<\/h2>\t\t\t\t<\/div>\n\t\t\t\t<\/div>\n\t\t\t\t\t<\/div>\n\t\t<\/div>\n\t\t\t\t\t<\/div>\n\t\t<\/section>\n\t\t\t\t<section class=\"elementor-section elementor-top-section elementor-element elementor-element-aea556a elementor-section-boxed elementor-section-height-default elementor-section-height-default\" data-id=\"aea556a\" data-element_type=\"section\">\n\t\t\t\t\t\t<div class=\"elementor-container elementor-column-gap-default\">\n\t\t\t\t\t<div class=\"elementor-column elementor-col-100 elementor-top-column elementor-element elementor-element-0dcce1f\" data-id=\"0dcce1f\" data-element_type=\"column\">\n\t\t\t<div class=\"elementor-widget-wrap elementor-element-populated\">\n\t\t\t\t\t\t<div class=\"elementor-element elementor-element-00ad9b4 elementor-widget-divider--view-line elementor-widget elementor-widget-divider\" data-id=\"00ad9b4\" data-element_type=\"widget\" data-widget_type=\"divider.default\">\n\t\t\t\t<div class=\"elementor-widget-container\">\n\t\t\t\t\t\t\t<div class=\"elementor-divider\">\n\t\t\t<span class=\"elementor-divider-separator\">\n\t\t\t\t\t\t<\/span>\n\t\t<\/div>\n\t\t\t\t\t\t<\/div>\n\t\t\t\t<\/div>\n\t\t\t\t\t<\/div>\n\t\t<\/div>\n\t\t\t\t\t<\/div>\n\t\t<\/section>\n\t\t\t\t<section class=\"elementor-section elementor-top-section elementor-element elementor-element-091094b elementor-section-boxed elementor-section-height-default elementor-section-height-default\" data-id=\"091094b\" data-element_type=\"section\">\n\t\t\t\t\t\t<div class=\"elementor-container elementor-column-gap-default\">\n\t\t\t\t\t<div class=\"elementor-column elementor-col-100 elementor-top-column elementor-element elementor-element-24a36e4\" data-id=\"24a36e4\" data-element_type=\"column\">\n\t\t\t<div class=\"elementor-widget-wrap elementor-element-populated\">\n\t\t\t\t\t\t<div class=\"elementor-element elementor-element-3a38462 elementor-widget elementor-widget-heading\" data-id=\"3a38462\" data-element_type=\"widget\" data-widget_type=\"heading.default\">\n\t\t\t\t<div class=\"elementor-widget-container\">\n\t\t\t\t\t<h2 class=\"elementor-heading-title elementor-size-default\">You would like to receive an offer? Please feel free to contact us:<\/h2>\t\t\t\t<\/div>\n\t\t\t\t<\/div>\n\t\t\t\t\t<\/div>\n\t\t<\/div>\n\t\t\t\t\t<\/div>\n\t\t<\/section>\n\t\t\t\t<section class=\"elementor-section elementor-top-section elementor-element elementor-element-1ae2f80 elementor-section-boxed elementor-section-height-default elementor-section-height-default\" data-id=\"1ae2f80\" data-element_type=\"section\">\n\t\t\t\t\t\t<div class=\"elementor-container elementor-column-gap-default\">\n\t\t\t\t\t<div class=\"elementor-column elementor-col-50 elementor-top-column elementor-element elementor-element-96ff576\" data-id=\"96ff576\" data-element_type=\"column\">\n\t\t\t<div class=\"elementor-widget-wrap elementor-element-populated\">\n\t\t\t\t\t\t<div class=\"elementor-element elementor-element-3bd7d61 elementor-view-framed elementor-shape-circle elementor-position-top elementor-mobile-position-top elementor-widget elementor-widget-icon-box\" data-id=\"3bd7d61\" data-element_type=\"widget\" data-widget_type=\"icon-box.default\">\n\t\t\t\t<div class=\"elementor-widget-container\">\n\t\t\t\t\t\t\t<div class=\"elementor-icon-box-wrapper\">\n\n\t\t\t\t\t\t<div class=\"elementor-icon-box-icon\">\n\t\t\t\t<a href=\"mailto:info@bds-solutions.de\" class=\"elementor-icon\" tabindex=\"-1\" aria-label=\"E-Mail  &lt;br&gt; info(at)bds-solutions.de\">\n\t\t\t\t<i aria-hidden=\"true\" class=\"fas fa-envelope\"><\/i>\t\t\t\t<\/a>\n\t\t\t<\/div>\n\t\t\t\n\t\t\t\t\t\t<div class=\"elementor-icon-box-content\">\n\n\t\t\t\t\t\t\t\t\t<h3 class=\"elementor-icon-box-title\">\n\t\t\t\t\t\t<a href=\"mailto:info@bds-solutions.de\" >\n\t\t\t\t\t\t\tE-Mail  <br> info(at)bds-solutions.de\t\t\t\t\t\t<\/a>\n\t\t\t\t\t<\/h3>\n\t\t\t\t\n\t\t\t\t\n\t\t\t<\/div>\n\t\t\t\n\t\t<\/div>\n\t\t\t\t\t\t<\/div>\n\t\t\t\t<\/div>\n\t\t\t\t\t<\/div>\n\t\t<\/div>\n\t\t\t\t<div class=\"elementor-column elementor-col-50 elementor-top-column elementor-element elementor-element-a222b65\" data-id=\"a222b65\" data-element_type=\"column\">\n\t\t\t<div class=\"elementor-widget-wrap elementor-element-populated\">\n\t\t\t\t\t\t<div class=\"elementor-element elementor-element-bf5e4b9 elementor-view-framed elementor-shape-circle elementor-position-top elementor-mobile-position-top elementor-widget elementor-widget-icon-box\" data-id=\"bf5e4b9\" data-element_type=\"widget\" data-widget_type=\"icon-box.default\">\n\t\t\t\t<div class=\"elementor-widget-container\">\n\t\t\t\t\t\t\t<div class=\"elementor-icon-box-wrapper\">\n\n\t\t\t\t\t\t<div class=\"elementor-icon-box-icon\">\n\t\t\t\t<span  class=\"elementor-icon\">\n\t\t\t\t<i aria-hidden=\"true\" class=\"fas fa-phone-alt\"><\/i>\t\t\t\t<\/span>\n\t\t\t<\/div>\n\t\t\t\n\t\t\t\t\t\t<div class=\"elementor-icon-box-content\">\n\n\t\t\t\t\t\t\t\t\t<h3 class=\"elementor-icon-box-title\">\n\t\t\t\t\t\t<span  >\n\t\t\t\t\t\t\tFon: <br>\n+49 2991 237476\t\t\t\t\t\t<\/span>\n\t\t\t\t\t<\/h3>\n\t\t\t\t\n\t\t\t\t\n\t\t\t<\/div>\n\t\t\t\n\t\t<\/div>\n\t\t\t\t\t\t<\/div>\n\t\t\t\t<\/div>\n\t\t\t\t\t<\/div>\n\t\t<\/div>\n\t\t\t\t\t<\/div>\n\t\t<\/section>\n\t\t\t\t<section class=\"elementor-section elementor-top-section elementor-element elementor-element-504dca7 elementor-section-boxed elementor-section-height-default elementor-section-height-default\" data-id=\"504dca7\" data-element_type=\"section\">\n\t\t\t\t\t\t<div class=\"elementor-container elementor-column-gap-default\">\n\t\t\t\t\t<div class=\"elementor-column elementor-col-100 elementor-top-column elementor-element elementor-element-a891de7\" data-id=\"a891de7\" data-element_type=\"column\">\n\t\t\t<div class=\"elementor-widget-wrap elementor-element-populated\">\n\t\t\t\t\t\t<div class=\"elementor-element elementor-element-f732ccf elementor-widget elementor-widget-spacer\" data-id=\"f732ccf\" data-element_type=\"widget\" data-widget_type=\"spacer.default\">\n\t\t\t\t<div class=\"elementor-widget-container\">\n\t\t\t\t\t\t\t<div class=\"elementor-spacer\">\n\t\t\t<div class=\"elementor-spacer-inner\"><\/div>\n\t\t<\/div>\n\t\t\t\t\t\t<\/div>\n\t\t\t\t<\/div>\n\t\t\t\t\t<\/div>\n\t\t<\/div>\n\t\t\t\t\t<\/div>\n\t\t<\/section>\n\t\t\t\t<\/div>","protected":false},"excerpt":{"rendered":"<p>\u00dcber uns BDS SOLUTIONS \u2013 MEHR ALS SENSOREN UND SOFTWARE Unser Spezialgebiet ist die Entwicklung und Herstellung von Sensor- und Software-Systemen, die besonders wartungsarm und langzeitstabil sind. Umfassende Expertise sowie langj\u00e4hrige Erfahrung bei der Erfassung und Verarbeitung physikalischer Messgr\u00f6\u00dfen zeichnen unsere auf die Kunden zugeschnittene Arbeit aus. Unsere Kompetenzen im Bereich der traditionellen Kraft- und [&hellip;]<\/p>","protected":false},"author":1,"featured_media":0,"parent":0,"menu_order":0,"comment_status":"closed","ping_status":"closed","template":"","meta":{"ocean_post_layout":"full-screen","ocean_both_sidebars_style":"","ocean_both_sidebars_content_width":0,"ocean_both_sidebars_sidebars_width":0,"ocean_sidebar":"0","ocean_second_sidebar":"0","ocean_disable_margins":"enable","ocean_add_body_class":"","ocean_shortcode_before_top_bar":"","ocean_shortcode_after_top_bar":"","ocean_shortcode_before_header":"","ocean_shortcode_after_header":"","ocean_has_shortcode":"","ocean_shortcode_after_title":"","ocean_shortcode_before_footer_widgets":"","ocean_shortcode_after_footer_widgets":"","ocean_shortcode_before_footer_bottom":"","ocean_shortcode_after_footer_bottom":"","ocean_display_top_bar":"on","ocean_display_header":"on","ocean_header_style":"","ocean_center_header_left_menu":"0","ocean_custom_header_template":"0","ocean_custom_logo":0,"ocean_custom_retina_logo":0,"ocean_custom_logo_max_width":0,"ocean_custom_logo_tablet_max_width":0,"ocean_custom_logo_mobile_max_width":0,"ocean_custom_logo_max_height":0,"ocean_custom_logo_tablet_max_height":0,"ocean_custom_logo_mobile_max_height":0,"ocean_header_custom_menu":"0","ocean_menu_typo_font_family":"0","ocean_menu_typo_font_subset":"","ocean_menu_typo_font_size":0,"ocean_menu_typo_font_size_tablet":0,"ocean_menu_typo_font_size_mobile":0,"ocean_menu_typo_font_size_unit":"px","ocean_menu_typo_font_weight":"","ocean_menu_typo_font_weight_tablet":"","ocean_menu_typo_font_weight_mobile":"","ocean_menu_typo_transform":"","ocean_menu_typo_transform_tablet":"","ocean_menu_typo_transform_mobile":"","ocean_menu_typo_line_height":0,"ocean_menu_typo_line_height_tablet":0,"ocean_menu_typo_line_height_mobile":0,"ocean_menu_typo_line_height_unit":"","ocean_menu_typo_spacing":0,"ocean_menu_typo_spacing_tablet":0,"ocean_menu_typo_spacing_mobile":0,"ocean_menu_typo_spacing_unit":"","ocean_menu_link_color":"","ocean_menu_link_color_hover":"","ocean_menu_link_color_active":"","ocean_menu_link_background":"","ocean_menu_link_hover_background":"","ocean_menu_link_active_background":"","ocean_menu_social_links_bg":"","ocean_menu_social_hover_links_bg":"","ocean_menu_social_links_color":"","ocean_menu_social_hover_links_color":"","ocean_disable_title":"on","ocean_disable_heading":"default","ocean_post_title":"","ocean_post_subheading":"","ocean_post_title_style":"","ocean_post_title_background_color":"","ocean_post_title_background":0,"ocean_post_title_bg_image_position":"","ocean_post_title_bg_image_attachment":"","ocean_post_title_bg_image_repeat":"","ocean_post_title_bg_image_size":"","ocean_post_title_height":0,"ocean_post_title_bg_overlay":0.5,"ocean_post_title_bg_overlay_color":"","ocean_disable_breadcrumbs":"default","ocean_breadcrumbs_color":"","ocean_breadcrumbs_separator_color":"","ocean_breadcrumbs_links_color":"","ocean_breadcrumbs_links_hover_color":"","ocean_display_footer_widgets":"on","ocean_display_footer_bottom":"on","ocean_custom_footer_template":"0","footnotes":""},"class_list":["post-182","page","type-page","status-publish","hentry","entry"],"yoast_head":"<!-- This site is optimized with the Yoast SEO plugin v26.5 - https:\/\/yoast.com\/wordpress\/plugins\/seo\/ -->\n<title>\u00dcber uns - Dachlastwaage, Schneelastsensor<\/title>\n<meta name=\"robots\" content=\"index, follow, max-snippet:-1, max-image-preview:large, max-video-preview:-1\" \/>\n<link rel=\"canonical\" href=\"https:\/\/dachlastwaage.com\/en\/ueber-uns\/\" \/>\n<meta property=\"og:locale\" content=\"en_US\" \/>\n<meta property=\"og:type\" content=\"article\" \/>\n<meta property=\"og:title\" content=\"\u00dcber uns - Dachlastwaage, Schneelastsensor\" \/>\n<meta property=\"og:description\" content=\"\u00dcber uns BDS SOLUTIONS \u2013 MEHR ALS SENSOREN UND SOFTWARE Unser Spezialgebiet ist die Entwicklung und Herstellung von Sensor- und Software-Systemen, die besonders wartungsarm und langzeitstabil sind. Umfassende Expertise sowie langj\u00e4hrige Erfahrung bei der Erfassung und Verarbeitung physikalischer Messgr\u00f6\u00dfen zeichnen unsere auf die Kunden zugeschnittene Arbeit aus. Unsere Kompetenzen im Bereich der traditionellen Kraft- und [&hellip;]\" \/>\n<meta property=\"og:url\" content=\"https:\/\/dachlastwaage.com\/en\/ueber-uns\/\" \/>\n<meta property=\"og:site_name\" content=\"Dachlastwaage, Schneelastsensor\" \/>\n<meta property=\"article:modified_time\" content=\"2020-05-18T13:50:57+00:00\" \/>\n<meta property=\"og:image\" content=\"https:\/\/dachlastwaage.com\/wp-content\/uploads\/2020\/05\/AdobeStock_290509584-1024x683.jpeg\" \/>\n<meta name=\"twitter:card\" content=\"summary_large_image\" \/>\n<meta name=\"twitter:label1\" content=\"Est. reading time\" \/>\n\t<meta name=\"twitter:data1\" content=\"1 minute\" \/>\n<script type=\"application\/ld+json\" class=\"yoast-schema-graph\">{\"@context\":\"https:\/\/schema.org\",\"@graph\":[{\"@type\":\"WebPage\",\"@id\":\"https:\/\/dachlastwaage.com\/en\/ueber-uns\/\",\"url\":\"https:\/\/dachlastwaage.com\/en\/ueber-uns\/\",\"name\":\"\u00dcber uns - Dachlastwaage, Schneelastsensor\",\"isPartOf\":{\"@id\":\"https:\/\/dachlastwaage.com\/#website\"},\"primaryImageOfPage\":{\"@id\":\"https:\/\/dachlastwaage.com\/en\/ueber-uns\/#primaryimage\"},\"image\":{\"@id\":\"https:\/\/dachlastwaage.com\/en\/ueber-uns\/#primaryimage\"},\"thumbnailUrl\":\"https:\/\/dachlastwaage.com\/wp-content\/uploads\/2020\/05\/AdobeStock_290509584-1024x683.jpeg\",\"datePublished\":\"2020-04-16T09:04:49+00:00\",\"dateModified\":\"2020-05-18T13:50:57+00:00\",\"breadcrumb\":{\"@id\":\"https:\/\/dachlastwaage.com\/en\/ueber-uns\/#breadcrumb\"},\"inLanguage\":\"en-US\",\"potentialAction\":[{\"@type\":\"ReadAction\",\"target\":[\"https:\/\/dachlastwaage.com\/en\/ueber-uns\/\"]}]},{\"@type\":\"ImageObject\",\"inLanguage\":\"en-US\",\"@id\":\"https:\/\/dachlastwaage.com\/en\/ueber-uns\/#primaryimage\",\"url\":\"https:\/\/dachlastwaage.com\/wp-content\/uploads\/2020\/05\/AdobeStock_290509584-1024x683.jpeg\",\"contentUrl\":\"https:\/\/dachlastwaage.com\/wp-content\/uploads\/2020\/05\/AdobeStock_290509584-1024x683.jpeg\"},{\"@type\":\"BreadcrumbList\",\"@id\":\"https:\/\/dachlastwaage.com\/en\/ueber-uns\/#breadcrumb\",\"itemListElement\":[{\"@type\":\"ListItem\",\"position\":1,\"name\":\"Startseite\",\"item\":\"https:\/\/dachlastwaage.com\/\"},{\"@type\":\"ListItem\",\"position\":2,\"name\":\"\u00dcber uns\"}]},{\"@type\":\"WebSite\",\"@id\":\"https:\/\/dachlastwaage.com\/#website\",\"url\":\"https:\/\/dachlastwaage.com\/\",\"name\":\"Dachlastwaage - Schneelastsensor - SnowLoad\",\"description\":\"System zur \u00dcberwachung von Schneelasten auf einem Dach\",\"publisher\":{\"@id\":\"https:\/\/dachlastwaage.com\/#organization\"},\"potentialAction\":[{\"@type\":\"SearchAction\",\"target\":{\"@type\":\"EntryPoint\",\"urlTemplate\":\"https:\/\/dachlastwaage.com\/?s={search_term_string}\"},\"query-input\":{\"@type\":\"PropertyValueSpecification\",\"valueRequired\":true,\"valueName\":\"search_term_string\"}}],\"inLanguage\":\"en-US\"},{\"@type\":\"Organization\",\"@id\":\"https:\/\/dachlastwaage.com\/#organization\",\"name\":\"BDS Solutions GmbH\",\"url\":\"https:\/\/dachlastwaage.com\/\",\"logo\":{\"@type\":\"ImageObject\",\"inLanguage\":\"en-US\",\"@id\":\"https:\/\/dachlastwaage.com\/#\/schema\/logo\/image\/\",\"url\":\"https:\/\/dachlastwaage.com\/wp-content\/uploads\/2020\/04\/Logo-Plastik-Mail.png\",\"contentUrl\":\"https:\/\/dachlastwaage.com\/wp-content\/uploads\/2020\/04\/Logo-Plastik-Mail.png\",\"width\":591,\"height\":191,\"caption\":\"BDS Solutions GmbH\"},\"image\":{\"@id\":\"https:\/\/dachlastwaage.com\/#\/schema\/logo\/image\/\"}}]}<\/script>\n<!-- \/ Yoast SEO plugin. -->","yoast_head_json":{"title":"\u00dcber uns - Dachlastwaage, Schneelastsensor","robots":{"index":"index","follow":"follow","max-snippet":"max-snippet:-1","max-image-preview":"max-image-preview:large","max-video-preview":"max-video-preview:-1"},"canonical":"https:\/\/dachlastwaage.com\/en\/ueber-uns\/","og_locale":"en_US","og_type":"article","og_title":"\u00dcber uns - Dachlastwaage, Schneelastsensor","og_description":"\u00dcber uns BDS SOLUTIONS \u2013 MEHR ALS SENSOREN UND SOFTWARE Unser Spezialgebiet ist die Entwicklung und Herstellung von Sensor- und Software-Systemen, die besonders wartungsarm und langzeitstabil sind. Umfassende Expertise sowie langj\u00e4hrige Erfahrung bei der Erfassung und Verarbeitung physikalischer Messgr\u00f6\u00dfen zeichnen unsere auf die Kunden zugeschnittene Arbeit aus. Unsere Kompetenzen im Bereich der traditionellen Kraft- und [&hellip;]","og_url":"https:\/\/dachlastwaage.com\/en\/ueber-uns\/","og_site_name":"Dachlastwaage, Schneelastsensor","article_modified_time":"2020-05-18T13:50:57+00:00","og_image":[{"url":"https:\/\/dachlastwaage.com\/wp-content\/uploads\/2020\/05\/AdobeStock_290509584-1024x683.jpeg","type":"","width":"","height":""}],"twitter_card":"summary_large_image","twitter_misc":{"Est. reading time":"1 minute"},"schema":{"@context":"https:\/\/schema.org","@graph":[{"@type":"WebPage","@id":"https:\/\/dachlastwaage.com\/en\/ueber-uns\/","url":"https:\/\/dachlastwaage.com\/en\/ueber-uns\/","name":"\u00dcber uns - Dachlastwaage, Schneelastsensor","isPartOf":{"@id":"https:\/\/dachlastwaage.com\/#website"},"primaryImageOfPage":{"@id":"https:\/\/dachlastwaage.com\/en\/ueber-uns\/#primaryimage"},"image":{"@id":"https:\/\/dachlastwaage.com\/en\/ueber-uns\/#primaryimage"},"thumbnailUrl":"https:\/\/dachlastwaage.com\/wp-content\/uploads\/2020\/05\/AdobeStock_290509584-1024x683.jpeg","datePublished":"2020-04-16T09:04:49+00:00","dateModified":"2020-05-18T13:50:57+00:00","breadcrumb":{"@id":"https:\/\/dachlastwaage.com\/en\/ueber-uns\/#breadcrumb"},"inLanguage":"en-US","potentialAction":[{"@type":"ReadAction","target":["https:\/\/dachlastwaage.com\/en\/ueber-uns\/"]}]},{"@type":"ImageObject","inLanguage":"en-US","@id":"https:\/\/dachlastwaage.com\/en\/ueber-uns\/#primaryimage","url":"https:\/\/dachlastwaage.com\/wp-content\/uploads\/2020\/05\/AdobeStock_290509584-1024x683.jpeg","contentUrl":"https:\/\/dachlastwaage.com\/wp-content\/uploads\/2020\/05\/AdobeStock_290509584-1024x683.jpeg"},{"@type":"BreadcrumbList","@id":"https:\/\/dachlastwaage.com\/en\/ueber-uns\/#breadcrumb","itemListElement":[{"@type":"ListItem","position":1,"name":"Startseite","item":"https:\/\/dachlastwaage.com\/"},{"@type":"ListItem","position":2,"name":"\u00dcber uns"}]},{"@type":"WebSite","@id":"https:\/\/dachlastwaage.com\/#website","url":"https:\/\/dachlastwaage.com\/","name":"Dachlastwaage - Schneelastsensor - SnowLoad","description":"System zur \u00dcberwachung von Schneelasten auf einem Dach","publisher":{"@id":"https:\/\/dachlastwaage.com\/#organization"},"potentialAction":[{"@type":"SearchAction","target":{"@type":"EntryPoint","urlTemplate":"https:\/\/dachlastwaage.com\/?s={search_term_string}"},"query-input":{"@type":"PropertyValueSpecification","valueRequired":true,"valueName":"search_term_string"}}],"inLanguage":"en-US"},{"@type":"Organization","@id":"https:\/\/dachlastwaage.com\/#organization","name":"BDS Solutions GmbH","url":"https:\/\/dachlastwaage.com\/","logo":{"@type":"ImageObject","inLanguage":"en-US","@id":"https:\/\/dachlastwaage.com\/#\/schema\/logo\/image\/","url":"https:\/\/dachlastwaage.com\/wp-content\/uploads\/2020\/04\/Logo-Plastik-Mail.png","contentUrl":"https:\/\/dachlastwaage.com\/wp-content\/uploads\/2020\/04\/Logo-Plastik-Mail.png","width":591,"height":191,"caption":"BDS Solutions GmbH"},"image":{"@id":"https:\/\/dachlastwaage.com\/#\/schema\/logo\/image\/"}}]}},"_links":{"self":[{"href":"https:\/\/dachlastwaage.com\/en\/wp-json\/wp\/v2\/pages\/182","targetHints":{"allow":["GET"]}}],"collection":[{"href":"https:\/\/dachlastwaage.com\/en\/wp-json\/wp\/v2\/pages"}],"about":[{"href":"https:\/\/dachlastwaage.com\/en\/wp-json\/wp\/v2\/types\/page"}],"author":[{"embeddable":true,"href":"https:\/\/dachlastwaage.com\/en\/wp-json\/wp\/v2\/users\/1"}],"replies":[{"embeddable":true,"href":"https:\/\/dachlastwaage.com\/en\/wp-json\/wp\/v2\/comments?post=182"}],"version-history":[{"count":4,"href":"https:\/\/dachlastwaage.com\/en\/wp-json\/wp\/v2\/pages\/182\/revisions"}],"predecessor-version":[{"id":270,"href":"https:\/\/dachlastwaage.com\/en\/wp-json\/wp\/v2\/pages\/182\/revisions\/270"}],"wp:attachment":[{"href":"https:\/\/dachlastwaage.com\/en\/wp-json\/wp\/v2\/media?parent=182"}],"curies":[{"name":"wp","href":"https:\/\/api.w.org\/{rel}","templated":true}]}}